{"id":132874,"date":"2025-09-24T03:49:36","date_gmt":"2025-09-24T00:49:36","guid":{"rendered":"https:\/\/intuitionafrica.com\/activity\/"},"modified":"2025-11-08T00:11:21","modified_gmt":"2025-11-07T21:11:21","slug":"activite-sociale","status":"publish","type":"page","link":"https:\/\/intuitionafrica.com\/fr\/social-activity\/","title":{"rendered":"notre activit\u00e9 sociale"},"content":{"rendered":"<div class=\"wpb-content-wrapper\"><div data-parent=\"true\" class=\"vc_row has-bg need-focus style-color-xsdn-bg row-container\" id=\"row-unique-0\"><div class=\"row full-width row-parent\"><div class=\"wpb_row row-inner\"><div class=\"wpb_column pos-top pos-center align_left column_parent col-lg-12 single-internal-gutter\"><div class=\"uncol style-light\"  ><div class=\"uncoltable\"><div class=\"uncell no-block-padding\" ><div class=\"uncont\" ><div class=\"uncode_text_column\" ><p>Discover a dynamic community where your thoughts can thrive and meet others who have similar passions. Welcome to our social activity!<\/p>\n<\/div><div class=\"vc_custom_heading_wrap no-transform title-moveddown\"><div class=\"heading-text el-text\" ><h2 class=\"font-104067 h3 font-weight-500 text-color-wayh-color\" ><span>Trending Hashtags<\/span><\/h2><\/div><div class=\"clear\"><\/div><\/div><div class=\"vc_row row-internal row-container\" id=\"social-activity-hashtags\"><div class=\"row row-child\"><div class=\"wpb_row row-inner row-inner-force\"><div class=\"wpb_column pos-top pos-center align_left column_child col-lg-12 single-internal-gutter\"><div class=\"uncol style-light font-104067\" ><div class=\"uncoltable\"><div class=\"uncell double-block-padding\" ><div class=\"uncont\" ><div class=\"uncode_text_column ia-hashtags text-lead text-color-nhtu-color\" ><p><!-- HFCM by 99 Robots - Snippet # 7: UM Directories &amp; User Pages - Light -->\n<style> body.um-profile-not-editing div.um-form, body.um-profile-not-editing div.profile-shortcode-div div.um-header.no-cover, .um-field .select2.select2-container .select2-selection[role=\"textbox\"], span.select2-search.select2-search--dropdown, .um_user_photos_activity_view, .um-account-name a, div.um-activity-bodyinner-txt .um-meta-preview a span.um-meta-title, div.um-activity-bodyinner-txt .um-meta-preview a span.um-meta-domain { color: #000000; } body.um-profile-not-editing .um-profile-photo a.um-profile-photo-img { border-color: #02B5EB !important; } .um-followers-user a.um-followers-user-photo img.um-avatar, .um-message-conv span.um-message-conv-pic img.um-avatar { border: 2px solid #000000; } .um label:not(.um-req):not(span):not(i), .um-field-label:not(.um-req):not(span):not(i), span.um-field-checkbox-option, span.um-field-radio-option, span.select2-selection__rendered, .um-account-side li a:not(.current):not(:active):not(:hover), .um-account-nav a:not(.current):not(:active):not(:hover) { color: #000000 !important; } .um label span.um-req, .um-field-label span.um-req, .um label i, .um-field-label i, span.um-activity-seemore:not(:active):not(:hover), .select2-selection__clear, .um-member-card .um-member-card-actions .um-member-cog .um-member-actions-a:not(:active):not(:hover) i { color: #a4102a !important; } a.um-account-link, span.um-account-icon { color: #000000; } .um-account-main div.um-account-heading { color: #a4102a; } input::placeholder, select::placeholder, .select2::placeholder, .select2-selection__placeholder, .select2-selection__arrow:before, .select2-choice .select2-arrow:before { color: #000000 !important; } a.um-link-alt, .gv-search-button, .um .um-profile-subnav a.active, .um .um-profile-nav-item.active a { color: #ffffff !important; background-color: #a4102a !important; } div.um-profile-nav { background-color: #f7f7f7; } .um .um-profile-nav-item:not(.active) a:not(.active) { background-color: #000000 !important; } .um-member-metaline strong, .um-field-checkbox-state i, .um-field-radio-state i, i.um-faicon-caret-down, .um-activity-wgdt div.um-member-name a, .um a.um-link, div.um-activity-head .um-activity-author-url a, .um-activity-ticon.um-activity-start-dialog i, div.um-activity-actions a i, div.um-activity-actions a span, .um-activity-widget .upload:not(:hover):not(:active):not(:focus), div.um-user-photos-comment-data a.um-link strong, a.um-link.um-user-photos-comment-like, .terms-heading, .terms-title, .nsl-separator { color: #a4102a !important; } p.terms-text:not(.terms-title):not(a), div.terms-text ul li:not(.terms-title), a.um-request-button, .select2-selection__rendered { color: #000000 !important; } div.um-single-fileinfo i.um-faicon-file-o { color: #ffffff !important; background-color: #a4102a !important; box-shadow: 7px 7px 4px grey; } div.um-single-fileinfo span .filename { color: #02B5EB; } .um.um-login .um-link-alt, .select2-selection__choice__remove { color: #ffffff !important; }\/* Input colors *\/ div:not(.um-activity):not(.photos) .um-field-area .select2-selection, div:not(.um-activity):not(.photos) select.um-s1.select2-hidden-accessible, div:not(.um-activity):not(.photos) .select2-selection.select2-selection--single .select2-selection__rendered, div:not(.um-activity):not(.photos) .select2-selection.select2-selection--multiple .select2-selection__rendered, div:not(.um-activity):not(.photos) .um-field .select2.select2-container .select2-selection[role=\"textbox\"], div:not(.um-activity):not(.photos) span.select2-search.select2-search--dropdown, div:not(.um-activity):not(.photos) input[type=\"text\"].input, div:not(.um-activity):not(.photos) input[type=\"email\"].input, div:not(.um-activity):not(.photos) select#role_select.input, div:not(.um-activity):not(.photos) input[type=\"tel\"], div:not(.um-activity):not(.photos) input[type=\"number\"], div:not(.um-activity):not(.photos) input[type=\"tel\"], div:not(.um-activity):not(.photos) input[type=\"password\"], div:not(.um-activity):not(.photos) input[id=\"user_login\"], div:not(.um-activity):not(.photos) input.um-form-field.valid, div:not(.um-activity):not(.photos) input[type=\"search\"].um-search-line, div:not(.um-activity):not(.photos) select.um-form-field.valid { border-bottom: 1px solid #000000 !important; color: #000000; } .um-profile-subnav { border: 1px solid #000000; }\/* Link colors *\/ .um .um-tip, .um .um-field-radio.active:not(.um-field-radio-state-disabled) i, .um .um-field-checkbox.active:not(.um-field-radio-state-disabled) i, .um .um-member-more a, .um .um-member-less a, .um .um-members-pagi a, .um .um-cover-add, .um .um-profile-subnav a, .um .um-item-meta a, .um-account-nav a, .um-account-nav a.current:hover, .um-account-side li a span.um-account-icon, .um-account-side li a span.um-account-title, .um-account-side li a.current:hover span.um-account-title, .um-account-side li a.current:hover span.um-account-icon, div.um-dropdown ul li a:not(:hover):not(:active):not(:focus), div.um-dropdown ul li a:not(:hover):not(:active):not(:focus) i.um-active-color, span.um-active-color, .um-completeness i, .um-completeness-desc i, .um-completeness-widget,\u00a0.ia-hashtags a:not(:hover):not(:active):not(:focus) { color: #000000; } .um-profile .um-name a, .um-profile.um .um-name a, .terms-heading, .terms-title { color: #A4102A; } a.um-login-to-follow-btn, a.um-follow-btn.um-button, a.um-alt, .um-followers-user-name a { color: #000000; } a.um-follow-btn .um-faicon-user, a.um-login-to-follow-btn .um-faicon-user, a.um-button .um-faicon-user { color: rgb(20, 22, 24); } a.um-follow-edit .um-faicon-user { color: rgb(255, 255, 255); } .um-members-edit-btn a, .um .um-member-more a, .um .um-member-less a, .um .um-members-pagi a, .um .um-cover-add, div.um-user-photos-modal-title, .um-message-send { font-family: 'Expressa-Mdm' !important; text-transform: lowercase !important; font-weight: 500; } .um-directory .um-members-wrapper .um-members.um-members-grid .um-member .um-member-card .um-member-name a, .um a.um-link:hover, .um a.um-link-hvr:hover .um .um-tip:hover, .um .um-member-name a:hover, .um .um-member-more a:hover, .um .um-member-less a:hover, .um .um-members-pagi a:hover, .um .um-cover-add:hover, .um-account-name a:hover, .um-account-nav a.current, .um-account-nav a:hover, .um-account-side li a:hover span.um-account-icon, .um-account-side li a span.um-account-icon:hover, .um-account-side li a.current span.um-account-icon, .um-account-side li a span.um-account-title:hover, .um-account-side li a.current span.um-account-title, .ia-gv-item-name, a.um-profile-edit-a i, .um-profile-save i, div.um-user-photos-album p.album-title strong, .ia-hashtags a:active, .ia-hashtags a:hover, .ia-hashtags a:focus, .um-account-main div.um-account-heading.uimob340-hide.uimob500-hide\u00a0{ color: #A4102A !important; }\/* Button colors *\/ .um .um-field-group-head, .picker__box, .picker__nav--prev:hover, .picker__nav--next:hover, .um .um-members-pagi span.current, .um .um-members-pagi span.current:hover, .um .um-profile-nav-item.active a:hover, .upload, .um-modal-header, .um-modal-btn, .um-modal-btn.disabled, .um-modal-btn.disabled:hover, div.uimob800 .um-account-side li a.current, div.uimob800 .um-account-side li a.current:hover, .um a:not(.um-follow-btn):not(.um-login-to-follow-btn).um-button, .um a.um-button.um-disabled:hover, .um a.um-button.um-disabled:focus, .um a.um-button.um-disabled:active, .um input[type=submit].um-button, .um input[type=submit].um-button:focus, .um input[type=submit]:disabled:hover { background: #A4102A !important; color: #ffffff !important; } div.um-dropdown ul, div.um-dropdown ul li { background-color: #02B5EB; } div.um-dropdown ul { border: 0.75px solid #02B5EB !important; } div.um-dropdown:not(ul) { border: 0.75px solid #A4102A !important; } div.um-dropdown ul li:hover, div.um-dropdown ul li:active { background-color: #A4102A; border-color: #ffffff; } .um-dropdown li a:hover, .um-dropdown li a:focus, .um-dropdown li a:active { color: #ffffff !important; } .um a.um-link, div.um-user-photos-modal-title { color: #A4102A !important; } .um-activity-ticon.um-activity-start-dialog i, div.upload form input[name=\"wall_img_upload\"], div.um-activity-actions a i, div.um-activity-actions a span, div.um-user-photos-actions a span, div.um-user-photos-actions a i, a.back-to-um-user-photos:active, a.back-to-um-user-photos:hover, div.um-user-photos-author a.um-link { color: #a4102a !important; } div.um-activity-head { color: #a4102a !important; } div.um-activity-widget, .um-activity-bodyinner-txt span.post-meta, .um-activity-bodyinner-photo { background-color: rgba(0,0,0,0) !important; } .um-activity-foot a.um-button:not(:active):not(:hover), .um-activity-comment-area a.um-button:not(:active):not(:hover), a.um-button.um-user-photos-comment-post.um-disabled { background-color: #a4102a !important; } div.um-activity-comment-area div.um-activity-comment-box textarea.um-activity-comment-textarea:not(:focus):not(:hover), textarea.um-activity-textarea-elem.ui-autocomplete-input:not(:focus), div.um-activity-widget div.um-activity-textarea textarea:not(:focus), textarea.um-user-photos-comment-textarea:not(:focus) { border: 0.5px solid rgb(0,0,0) !important; } .um-directory .um-members-wrapper .um-members.um-members-list .um-member .um-member-card .um-member-name a:not(:hover):not(:active), div.home-social-activity-light div.um-activity-join:not(a), div.home-social-activity-light span.um-activity-disp-span, .um-activity-author-meta span.um-activity-metadata a:not(:hover):not(:active), div.home-social-activity-light div.um-activity-widget div.um-activity-textarea textarea::placeholder, div.home-social-activity-light textarea.um-user-photos-comment-textarea::placeholder, div.home-social-activity-light div.um-activity-comment-area div.um-activity-comment-box textarea.um-activity-comment-textarea::placeholder { color: #000000 !important; } div.home-social-activity-light .um-activity-bodyinner-txt { color: #000000; } a.um-toggle-gdpr, a.um-toggle-terms { color: #a4102a !important; } input[type=\"checkbox\"].pw-checkbox, .um ul.select2-results__options, .um-account-meta a img.um-avatar, .um-account-meta-img a img.um-avatar { border-color: #a4102a !important; } .um li.select2-selection__choice, .um-directory .um-member-directory-header .um-member-directory-header-row .um-filtered-line .um-members-filter-tag { background-color: rgb(164, 16, 42) !important; color: rgb(255, 255, 255) !important; } .um .um-field-group-head:hover, .picker__footer, .picker__header, .picker__day--infocus:hover, .picker__day--outfocus:hover, .picker__day--highlighted:hover, .picker--focused .picker__day--highlighted, .picker__list-item:hover, .picker__list-item--highlighted:hover, .picker--focused .picker__list-item--highlighted, .picker__list-item--selected, .picker__list-item--selected:hover, .picker--focused .picker__list-item--selected, .um .um-button:hover, .um a.um-button:hover, .um input[type=submit].um-button:hover, .um-activity-widget .upload:active, .um-activity-widget .upload:hover, span.um-completeness-done { background: #02B5EB !important; color: #000000 !important; }\/* Button alt colors *\/ .um .um-button.um-alt:not(:active):not(:hover):not(:focus), .um input[type=submit].um-button.um-alt:not(:active):not(:hover):not(:focus) { background: #02B5EB !important; color: #000000 !important; } input[type=\"button\"].um-do-search.um-button:not(:active):not(:hover):not(:focus), .um .um-button.um-alt:hover, .um input[type=submit].um-button.um-alt:hover { background: #A4102A !important; color: #ffffff !important; } span.um-completeness-bar:not(.um-completeness-done), div#completness_bar-4109 { background-color: #a4102a; } div.um.um-profile span:not(.b).um-user-tag:not(:active):not(:hover):not(:focus) { background-color: #02B5EB !important; } div.um.um-profile span:not(.b).um-user-tag a:not(:active):not(:hover), div.um-user-photos-album-head h2, span.um-user-photos-disp-span, a.um-follow-btn.um-button:not(:active), a.um-follow-btn.um-button:not(:active) i, div.um-followers-rc a:not(span):not(.um-ajax-count-following), .um-profile .um-meta span, .um-profile .um-meta span a { color: #000000 !important; } form.um-user-photos-modal-form div.um-field input[type=\"text\"]:focus { border-bottom: 2px solid #a4102a !important; } div.um-profile span:not(.b).um-user-tag:active a, div.um-profile span:not(.b).um-user-tag:hover a, div.um-profile span:not(.b).um-user-tag:focus a { border-color: #a4102a !important; } div.um-field.um-user-photos-modal-footer.text-right select.um-form-field.um-select2[name=\"user_photos_privacy\"] { color: #000000 !important; } .style-light .um-members.um-member-card .um-member-name a:not(:active):not(:hover):not(:focus), [id^=\"um-member-\"] .um-member-name a:not(:active):not(:hover):not(:focus), .style-light .um-member-metaline.um-member-metaline-description p, .style-light .um-directory .um-members-wrapper .um-members-total, .style-light .um-directory .um-members-wrapper .um-members-none { color: #000000 !important; } div.ia-members-page-precontent { color: #000000; } .um-member-card .um-meta span.b, a.back-to-um-user-photos:not(:active):not(:hover), span.um-user-photos-post-likes, span.um-user-photos-post-comments { color: #A4102A !important; } .um-members-edit-btn a { color: #ffffff !important; } div.um-members-follow-btn a.um-login-to-follow-btn:not(:active), div.um-members-follow-btn a.um-follow-btn:not(:active), div.um-members-follow-btn a.um-login-to-follow-btn:not(:active) i, div.um-members-follow-btn a.um-follow-btn:not(:active) i { color: #000000 !important; } .um-members-edit-btn a:not(:active):not(:hover) { background: #A4102A !important; } .um-members-edit-btn a:active, .um-members-edit-btn a:hover { background: #02B5EB !important; } .um-members-edit-btn a i.um-faicon-cog, a.um-button.um-user-photos-comment-post.um-disabled { color: #ffffff !important; } body.um-profile-not-editing div.um.um-profile i.um-faicon-cog { color: rgb(2,181,235) !important; } .um.um-profile i.um-faicon-check { color: rgb(164,16,42) !important; } label.um-modal-btn.alt { background-color: #02B5EB !important; color: #FFFFFF !important; } .um-members:not(.um-members-list).um-member-card .um-member-meta-main .um-member-meta, .um-members:not(.um-members-list) [id^=\"um-member-\"] .um-member-meta-main .um-member-meta { border-top-color: #141618 !important; } .um-message-item.left_m .um-message-item-content { background-color: rgba(164, 16, 42, 1);} .um-message-footer { background: rgba(2, 181, 235, 0.03); } @media screen and (min-width: 769px) { .um-account-side li a.current:not(:active):not(:hover), .um-account-main div.um-account-heading { color: #a4102a !important; } } <\/style>\n<!-- \/end HFCM by 99 Robots -->\n<\/p>\n<\/div><\/div><\/div><\/div><\/div><\/div><\/div><\/div><\/div><div class=\"empty-space empty-single\" ><span class=\"empty-space-inner\"><\/span><\/div>\n<\/div><\/div><\/div><\/div><\/div><script id=\"script-row-unique-0\" data-row=\"script-row-unique-0\" type=\"text\/javascript\" class=\"vc_controls\">UNCODE.initRow(document.getElementById(\"row-unique-0\"));<\/script><\/div><\/div><\/div><div data-parent=\"true\" class=\"vc_row has-bg need-focus style-color-xsdn-bg row-container\" id=\"social-activity-feed\"><div class=\"row full-width row-parent\"><div class=\"wpb_row row-inner\"><div class=\"wpb_column pos-top pos-center align_left column_parent col-lg-12 single-internal-gutter\"><div class=\"uncol style-light\"  ><div class=\"uncoltable\"><div class=\"uncell no-block-padding\" ><div class=\"uncont\" ><div class=\"vc_row row-internal row-container\"><div class=\"row row-child\"><div class=\"wpb_row row-inner row-inner-force\"><div class=\"wpb_column pos-top pos-center align_left column_child col-lg-12 single-internal-gutter\"><div class=\"uncol style-light\" ><div class=\"uncoltable\"><div class=\"uncell double-block-padding\" ><div class=\"uncont\" ><div class=\"vc_custom_heading_wrap no-transform title-moveddown\"><div class=\"heading-text el-text\" ><h2 class=\"font-104067 h2 font-weight-500 text-color-wayh-color\" ><span>Latest Activity<\/span><\/h2><\/div><div class=\"clear\"><\/div><\/div><\/div><\/div><\/div><\/div><\/div><\/div><\/div><\/div><div class=\"uncode_text_column\" >\n\t\t<div class=\"um um-activity um-um_activity_id\">\n\t\t\t<div class=\"um-form\">\n\n\t\t\t\t\n\t\t\t\t<div class=\"um-activity-wall\" data-user_wall=\"0\"\n\t\t\t\t\tdata-per_page=\"5\"\n\t\t\t\t\tdata-single_post=\"0\"\n\t\t\t\t\tdata-loading=\"async\"\n\t\t\t\t\tdata-hashtag=\"\"\n\t\t\t\t\tdata-wall_post=\"\"\n\t\t\t\t\tdata-comments_order=\"asc\">\n\t\t\t\t\t\t\t\t\t<\/div>\n\t\t\t<\/div>\n\t\t<\/div>\n\n\t\t\n<\/div><\/div><\/div><\/div><\/div><\/div><script id=\"script-social-activity-feed\" data-row=\"script-social-activity-feed\" type=\"text\/javascript\" class=\"vc_controls\">UNCODE.initRow(document.getElementById(\"social-activity-feed\"));<\/script><\/div><\/div><\/div>\n<\/div>","protected":false},"excerpt":{"rendered":"<p>Connectez-vous et suscitez des conversations par le biais de notre activit\u00e9 sociale ! D\u00e9couvrez un espace o\u00f9 les id\u00e9es prennent vie et rencontrez d'autres personnes qui partagent vos passions.<\/p>","protected":false},"author":1,"featured_media":0,"parent":0,"menu_order":0,"comment_status":"closed","ping_status":"closed","template":"","meta":{"_acf_changed":false,"inline_featured_image":false,"footnotes":""},"class_list":["post-132874","page","type-page","status-publish","hentry"],"acf":[],"_links":{"self":[{"href":"https:\/\/intuitionafrica.com\/fr\/wp-json\/wp\/v2\/pages\/132874","targetHints":{"allow":["GET"]}}],"collection":[{"href":"https:\/\/intuitionafrica.com\/fr\/wp-json\/wp\/v2\/pages"}],"about":[{"href":"https:\/\/intuitionafrica.com\/fr\/wp-json\/wp\/v2\/types\/page"}],"author":[{"embeddable":true,"href":"https:\/\/intuitionafrica.com\/fr\/wp-json\/wp\/v2\/users\/1"}],"replies":[{"embeddable":true,"href":"https:\/\/intuitionafrica.com\/fr\/wp-json\/wp\/v2\/comments?post=132874"}],"version-history":[{"count":0,"href":"https:\/\/intuitionafrica.com\/fr\/wp-json\/wp\/v2\/pages\/132874\/revisions"}],"wp:attachment":[{"href":"https:\/\/intuitionafrica.com\/fr\/wp-json\/wp\/v2\/media?parent=132874"}],"curies":[{"name":"wp","href":"https:\/\/api.w.org\/{rel}","templated":true}]}}