{"id":163533,"date":"2026-04-15T21:00:17","date_gmt":"2026-04-15T18:00:17","guid":{"rendered":"https:\/\/intuitionafrica.com\/?page_id=163533"},"modified":"2026-04-15T21:46:00","modified_gmt":"2026-04-15T18:46:00","slug":"representation-pour-les-creatifs","status":"publish","type":"page","link":"https:\/\/intuitionafrica.com\/fr\/representation-for-creatives\/","title":{"rendered":"repr\u00e9sentation pour les cr\u00e9atifs"},"content":{"rendered":"<div class=\"wpb-content-wrapper\"><div data-parent=\"true\" class=\"vc_row demo-section demo-hero has-bg need-focus style-color-wayh-bg row-container\" id=\"row-unique-0\"><div class=\"row-background background-element\">\n\t\t\t\t\t\t\t\t\t\t\t<div class=\"background-wrapper\">\n\t\t\t\t\t\t\t\t\t\t\t\t<div class=\"background-inner\" style=\"background-image: url(https:\/\/intuitionafrica.com\/wp-content\/smush-webp\/2026\/04\/extended-creatives-header.jpg.webp);background-repeat: no-repeat;background-position: center center;background-attachment: scroll;background-size: cover;\"><\/div>\n\t\t\t\t\t\t\t\t\t\t\t\t<div class=\"block-bg-overlay style-color-jevc-bg\" style=\"opacity: 0.75;\"><\/div>\n\t\t\t\t\t\t\t\t\t\t\t<\/div>\n\t\t\t\t\t\t\t\t\t\t<\/div><div class=\"row penta-top-padding penta-bottom-padding single-h-padding limit-width row-parent\" data-height-ratio=\"55\"><div class=\"wpb_row row-inner\"><div class=\"wpb_column pos-middle pos-center align_center column_parent col-lg-12 single-internal-gutter\"><div class=\"uncol style-spec style-dark\"  ><div class=\"uncoltable\"><div class=\"uncell\" ><div class=\"uncont no-block-padding col-custom-width\" style=\" max-width:756px;\" ><div class=\"vc_custom_heading_wrap demo-heading\"><div class=\"heading-text el-text\" ><h1 class=\"h1 text-color-130802-color\" ><span>repr\u00e9sentation pour les cr\u00e9atifs<\/span><\/h1><\/div><div class=\"clear\"><\/div><\/div><div class=\"vc_custom_heading_wrap title-movedup no-transform\"><div class=\"heading-text el-text\" ><h2 class=\"font-104067 h5 font-weight-300 text-color-xsdn-color\" ><span>MARKETING ET PROMOTION<\/span><\/h2><\/div><div class=\"clear\"><\/div><\/div><div class=\"uncode_text_column demo-lead-text text-lead\" ><p>Rejoignez Intuition Africa pour une repr\u00e9sentation professionnelle des cr\u00e9atifs. Nous mettons en relation des mannequins, des cr\u00e9atifs et des artistes africains avec des opportunit\u00e9s de marketing, de d\u00e9veloppement de carri\u00e8re et de marque.<\/p>\n<\/div><\/div><\/div><\/div><\/div><\/div><script id=\"script-row-unique-0\" data-row=\"script-row-unique-0\" type=\"text\/javascript\" class=\"vc_controls\">UNCODE.initRow(document.getElementById(\"row-unique-0\"));<\/script><\/div><\/div><\/div><div data-parent=\"true\" class=\"vc_row row-container\" id=\"row-unique-1\"><div class=\"row single-top-padding single-bottom-padding triple-h-padding limit-width row-parent\"><div class=\"wpb_row row-inner\"><div class=\"wpb_column pos-top pos-center align_left column_parent col-lg-12 single-internal-gutter\"><div class=\"uncol style-light\"  ><div class=\"uncoltable\"><div class=\"uncell no-block-padding\" ><div class=\"uncont\" ><div class=\"uncode_text_column\" ><p>D\u00e9bloquez des opportunit\u00e9s professionnelles et am\u00e9liorez votre carri\u00e8re cr\u00e9ative gr\u00e2ce \u00e0 <span class=\"expressa-mdm-font blue-font\"><span class=\"black-font\">intuition<\/span>africa<\/span> <span class=\"red-font font-bold\">Repr\u00e9sentation des cr\u00e9ateurs<\/span> pour <span class=\"red-font font-bold\">Marketing et promotion<\/span>.<\/p>\n<p>Nous soutenons les talents africains \u00e9mergents et \u00e9tablis - y compris les mannequins, les influenceurs, les cr\u00e9ateurs de contenu et les artistes - en les mettant en relation avec des marques, des \u00e9v\u00e9nements et des campagnes qui correspondent \u00e0 leur image et \u00e0 leurs objectifs.<\/p>\n<\/div><div class=\"empty-space empty-single\" ><span class=\"empty-space-inner\"><\/span><\/div>\n<\/div><\/div><\/div><\/div><\/div><script id=\"script-row-unique-1\" data-row=\"script-row-unique-1\" type=\"text\/javascript\" class=\"vc_controls\">UNCODE.initRow(document.getElementById(\"row-unique-1\"));<\/script><\/div><\/div><\/div><div data-parent=\"true\" class=\"vc_row row-container\" id=\"row-unique-2\"><div class=\"row limit-width row-parent\"><div class=\"wpb_row row-inner\"><div class=\"wpb_column pos-top pos-center align_left column_parent col-lg-12 single-internal-gutter\"><div class=\"uncol style-light\"  ><div class=\"uncoltable\"><div class=\"uncell no-block-padding\" ><div class=\"uncont\" ><div class=\"vc_custom_heading_wrap\"><div class=\"heading-text el-text\" ><h4 class=\"h1\" ><span>Votre r\u00e9ussite est notre mission.<\/span><\/h4><\/div><div class=\"clear\"><\/div><\/div><div class=\"vc_custom_heading_wrap no-transform\"><div class=\"heading-text el-text\" ><h4 class=\"font-104067 h4 font-weight-500 text-color-nhtu-color\" ><span>\ud83d\udcbc Join the Intuition Africa Creatives&#8217; Network<\/span><\/h4><\/div><div class=\"clear\"><\/div><\/div><div class=\"uncode_text_column\" ><p>Nous croyons \u00e0 la transparence et \u00e0 l'\u00e9quit\u00e9. Chaque cr\u00e9atif repr\u00e9sent\u00e9 s'engage par le biais d'un accord clair et mutuellement b\u00e9n\u00e9fique qui d\u00e9crit :<\/p>\n<\/div><div class=\"uncode-wrapper uncode-list\" >\n<ul class=\"icons\">\n<li><i class=\"fa fa-check-square-o text-accent-color\"><\/i><a class=\"black-font\" href=\"https:\/\/intuitionafrica.com\/fr\/termes-et-conditions\/\">Droits et responsabilit\u00e9s<\/a><\/li>\n<li><i class=\"fa fa-check-square-o text-accent-color\"><\/i>Structure de la Commission<\/li>\n<li><i class=\"fa fa-check-square-o text-accent-color\"><\/i>Confidentialit\u00e9<\/li>\n<li><i class=\"fa fa-check-square-o text-accent-color\"><\/i>Dur\u00e9e de la repr\u00e9sentation<\/li>\n<li><i class=\"fa fa-check-square-o text-accent-color\"><\/i>Proc\u00e9dures de paiement et de r\u00e9servation<\/li>\n<\/ul>\n<\/div><div class=\"uncode_text_column\" ><p>\nCela garantit le professionnalisme et la confiance d\u00e8s le premier jour.<\/p>\n<\/div><div class=\"empty-space empty-double\" ><span class=\"empty-space-inner\"><\/span><\/div>\n<div class=\"vc_row row-internal row-container\"><div class=\"row row-child\"><div class=\"wpb_row row-inner\"><div class=\"wpb_column pos-top pos-center align_center column_child col-lg-12 single-internal-gutter\"><div class=\"uncol style-light\" ><div class=\"uncoltable\"><div class=\"uncell no-block-padding\" ><div class=\"uncont\" ><div class=\"vc_custom_heading_wrap no-transform\"><div class=\"heading-text el-text\" ><h2 class=\"font-104067 h2 font-weight-500\" ><span>Pr\u00eat \u00e0 commencer ?<\/span><\/h2><div class=\"text-lead\"><p>Faites le premier pas vers la repr\u00e9sentation et la croissance :<\/p>\n<\/div><\/div><div class=\"clear\"><\/div><\/div><div class=\"vc_custom_heading_wrap no-transform\"><div class=\"heading-text el-text\" ><h2 class=\"font-104067 h3 font-weight-500 text-color-nhtu-color\" ><span><br \/><\/span><span>\ud83d\udc49 Examiner et signer le contrat de repr\u00e9sentation \u1770<\/span><\/h2><\/div><div class=\"clear\"><\/div><\/div><span class=\"btn-container animate_when_almost_visible bottom-t-top\" ><a role=\"button\"  href=\"https:\/\/intuitionafrica.com\/fr\/contrat-de-representation\/\" class=\"custom-link btn btn-lg border-width-0 btn-default btn-icon-right\" title=\"contrat de repr\u00e9sentation\">\u1770 Examen et signature<i class=\"fa fa-arrow-right-circle\"><\/i><\/a><\/span><\/div><\/div><\/div><\/div><\/div><\/div><\/div><\/div><div class=\"empty-space empty-single\" ><span class=\"empty-space-inner\"><\/span><\/div>\n<\/div><\/div><\/div><\/div><\/div><script id=\"script-row-unique-2\" data-row=\"script-row-unique-2\" type=\"text\/javascript\" class=\"vc_controls\">UNCODE.initRow(document.getElementById(\"row-unique-2\"));<\/script><\/div><\/div><\/div><div data-parent=\"true\" class=\"vc_row row-container\" id=\"row-unique-3\"><div class=\"row single-top-padding single-bottom-padding triple-h-padding limit-width row-parent\"><div class=\"wpb_row row-inner\"><div class=\"wpb_column pos-top pos-center align_left column_parent col-lg-12 single-internal-gutter\"><div class=\"uncol style-light\"  ><div class=\"uncoltable\"><div class=\"uncell no-block-padding\" ><div class=\"uncont\" ><div class=\"vc_custom_heading_wrap no-transform\"><div class=\"heading-text el-text\" ><h2 class=\"font-104067 h2 font-weight-500\" ><span>Vous n'avez pas encore pris votre d\u00e9cision ?<\/span><\/h2><\/div><div class=\"clear\"><\/div><\/div><div class=\"uncode_text_column\" ><\/p>\n<h4 class=\"h5 black-font\" style=\"font-family: 'Jost'; font-weight: 500;\">Posez votre question sur la repr\u00e9sentation des cr\u00e9ateurs...<\/h4>\n<p>\n<\/div><span class=\"btn-container animate_when_almost_visible alpha-anim\" ><a role=\"button\"  href=\"https:\/\/intuitionafrica.com\/fr\/contact\/?enquiry=Representation for Creatives#form\" class=\"custom-link btn btn-lg btn-custom-typo font-555555 font-weight-500 text-lowercase no-letterspace border-width-0 btn-text-skin btn-accent btn-icon-right btn-ripple-in btn-border-animated\" title=\"Entrer en contact\">Entrer en contact<i class=\"fa fa-messages\"><\/i><\/a><\/span><div class=\"empty-space empty-single\" ><span class=\"empty-space-inner\"><\/span><\/div>\n<div class=\"vc_custom_heading_wrap no-transform\"><div class=\"heading-text el-text\" ><h2 class=\"h1\" ><span>D\u00e9veloppons ensemble votre talent cr\u00e9atif et vos opportunit\u00e9s.<\/span><\/h2><\/div><div class=\"clear\"><\/div><\/div><\/div><\/div><\/div><\/div><\/div><script id=\"script-row-unique-3\" data-row=\"script-row-unique-3\" type=\"text\/javascript\" class=\"vc_controls\">UNCODE.initRow(document.getElementById(\"row-unique-3\"));<\/script><\/div><\/div><\/div>\n<\/div>","protected":false},"excerpt":{"rendered":"<p>Rejoignez Intuition Africa pour une repr\u00e9sentation professionnelle des cr\u00e9atifs. Nous mettons en relation des mannequins, des cr\u00e9atifs et des artistes africains avec des opportunit\u00e9s de marketing, de d\u00e9veloppement de carri\u00e8re et de marque.<\/p>","protected":false},"author":1,"featured_media":165456,"parent":0,"menu_order":0,"comment_status":"closed","ping_status":"closed","template":"","meta":{"_acf_changed":false,"inline_featured_image":false,"footnotes":""},"class_list":["post-163533","page","type-page","status-publish","has-post-thumbnail","hentry"],"acf":[],"_links":{"self":[{"href":"https:\/\/intuitionafrica.com\/fr\/wp-json\/wp\/v2\/pages\/163533","targetHints":{"allow":["GET"]}}],"collection":[{"href":"https:\/\/intuitionafrica.com\/fr\/wp-json\/wp\/v2\/pages"}],"about":[{"href":"https:\/\/intuitionafrica.com\/fr\/wp-json\/wp\/v2\/types\/page"}],"author":[{"embeddable":true,"href":"https:\/\/intuitionafrica.com\/fr\/wp-json\/wp\/v2\/users\/1"}],"replies":[{"embeddable":true,"href":"https:\/\/intuitionafrica.com\/fr\/wp-json\/wp\/v2\/comments?post=163533"}],"version-history":[{"count":0,"href":"https:\/\/intuitionafrica.com\/fr\/wp-json\/wp\/v2\/pages\/163533\/revisions"}],"wp:featuredmedia":[{"embeddable":true,"href":"https:\/\/intuitionafrica.com\/fr\/wp-json\/wp\/v2\/media\/165456"}],"wp:attachment":[{"href":"https:\/\/intuitionafrica.com\/fr\/wp-json\/wp\/v2\/media?parent=163533"}],"curies":[{"name":"wp","href":"https:\/\/api.w.org\/{rel}","templated":true}]}}