{"id":164329,"date":"2025-11-11T23:52:55","date_gmt":"2025-11-11T20:52:55","guid":{"rendered":"https:\/\/intuitionafrica.com\/?page_id=164329"},"modified":"2026-04-11T01:32:29","modified_gmt":"2026-04-10T22:32:29","slug":"clause-de-non-responsabilite","status":"publish","type":"page","link":"https:\/\/intuitionafrica.com\/fr\/disclaimer\/","title":{"rendered":"notre clause de non-responsabilit\u00e9"},"content":{"rendered":"<div id=\"cmplz-document\" class=\"cmplz-document disclaimer cmplz-document-all\">\n<p>Intuition Africa s'engage \u00e0 maintenir ce site Web \u00e0 jour et exact. Si toutefois vous rencontrez des informations incorrectes ou obsol\u00e8tes, nous vous serions reconnaissants de bien vouloir nous en faire part. Veuillez indiquer o\u00f9 vous avez lu l'information sur le site web. Nous nous pencherons sur la question dans les plus brefs d\u00e9lais. Veuillez envoyer votre r\u00e9ponse par courrier \u00e9lectronique \u00e0 l'adresse suivante : privacy@intuitionafrica.com.<\/p>\n<p>Nous ne sommes pas responsables des pertes r\u00e9sultant d'inexactitudes ou d'incompl\u00e9tudes, ni des pertes r\u00e9sultant de probl\u00e8mes caus\u00e9s par ou inh\u00e9rents \u00e0 la diffusion d'informations par l'internet, tels que des perturbations ou des interruptions. Lors de l'utilisation de formulaires web, nous nous effor\u00e7ons de limiter au minimum le nombre de champs obligatoires. Intuition Africa d\u00e9cline toute responsabilit\u00e9 en cas de perte r\u00e9sultant de l'utilisation de donn\u00e9es, de conseils ou d'id\u00e9es fournis par ou au nom d'Intuition Africa par le biais de ce site web et\/ou de cette plate-forme.<\/p>\n<p>L'utilisation du site web et de tous ses composants (y compris les forums) est soumise aux conditions suivantes <a href=\"https:\/\/intuitionafrica.com\/fr\/termes-et-conditions\/\" target=\"_blank\">conditions d'utilisation<\/a>. La simple utilisation de ce site web implique la connaissance et l'acceptation de ces conditions d'utilisation.<\/p>\n<p>Les r\u00e9ponses et les demandes relatives \u00e0 la protection de la vie priv\u00e9e envoy\u00e9es par courrier \u00e9lectronique ou \u00e0 l'aide d'un formulaire en ligne seront trait\u00e9es de la m\u00eame mani\u00e8re que les lettres. Cela signifie que vous pouvez vous attendre \u00e0 une r\u00e9ponse de notre part dans un d\u00e9lai d'un mois au plus tard. Dans le cas de demandes complexes, nous vous ferons savoir dans un d\u00e9lai d'un mois si nous avons besoin d'un maximum de trois mois.<\/p>\n<p>Toutes les donn\u00e9es personnelles que vous nous fournissez dans le cadre de votre r\u00e9ponse ou de votre demande d'information ne seront utilis\u00e9es que conform\u00e9ment \u00e0 notre d\u00e9claration de confidentialit\u00e9.<\/p>\n<p>Tous les droits de propri\u00e9t\u00e9 intellectuelle sur le contenu de ce site Web sont d\u00e9tenus par Intuition Africa ou par des tiers qui ont plac\u00e9 le contenu eux-m\u00eames ou dont Intuition Africa a obtenu une licence d'utilisation.<\/p>\n<p>La copie, la diffusion et toute autre utilisation de ce mat\u00e9riel ne sont pas autoris\u00e9es sans l'autorisation \u00e9crite d'Intuition Africa, sauf et seulement dans la mesure o\u00f9 des dispositions de droit imp\u00e9ratif (comme le droit de citation) le stipulent, \u00e0 moins qu'un contenu sp\u00e9cifique n'en d\u00e9cide autrement.<\/p>\n<p>Si vous avez des questions ou des probl\u00e8mes concernant l'accessibilit\u00e9 du site web, n'h\u00e9sitez pas \u00e0 nous contacter.<\/p>\n<\/div>","protected":false},"excerpt":{"rendered":"<p>D\u00e9couvrez notre clause de non-responsabilit\u00e9 pour comprendre les limites et les responsabilit\u00e9s li\u00e9es \u00e0 l'utilisation de notre site. Votre confiance est importante pour nous - lisez la suite pour plus de clart\u00e9 !<\/p>","protected":false},"author":1,"featured_media":164336,"parent":0,"menu_order":0,"comment_status":"closed","ping_status":"closed","template":"","meta":{"_acf_changed":false,"inline_featured_image":false,"footnotes":""},"class_list":["post-164329","page","type-page","status-publish","has-post-thumbnail","hentry","page_category-legal"],"acf":[],"_links":{"self":[{"href":"https:\/\/intuitionafrica.com\/fr\/wp-json\/wp\/v2\/pages\/164329","targetHints":{"allow":["GET"]}}],"collection":[{"href":"https:\/\/intuitionafrica.com\/fr\/wp-json\/wp\/v2\/pages"}],"about":[{"href":"https:\/\/intuitionafrica.com\/fr\/wp-json\/wp\/v2\/types\/page"}],"author":[{"embeddable":true,"href":"https:\/\/intuitionafrica.com\/fr\/wp-json\/wp\/v2\/users\/1"}],"replies":[{"embeddable":true,"href":"https:\/\/intuitionafrica.com\/fr\/wp-json\/wp\/v2\/comments?post=164329"}],"version-history":[{"count":0,"href":"https:\/\/intuitionafrica.com\/fr\/wp-json\/wp\/v2\/pages\/164329\/revisions"}],"wp:featuredmedia":[{"embeddable":true,"href":"https:\/\/intuitionafrica.com\/fr\/wp-json\/wp\/v2\/media\/164336"}],"wp:attachment":[{"href":"https:\/\/intuitionafrica.com\/fr\/wp-json\/wp\/v2\/media?parent=164329"}],"curies":[{"name":"wp","href":"https:\/\/api.w.org\/{rel}","templated":true}]}}