{"id":159443,"date":"2025-10-12T21:58:49","date_gmt":"2025-10-12T18:58:49","guid":{"rendered":"https:\/\/intuitionafrica.com\/subscription\/early-bird\/"},"modified":"2025-11-10T03:54:21","modified_gmt":"2025-11-10T00:54:21","slug":"leve-tot","status":"publish","type":"product","link":"https:\/\/intuitionafrica.com\/fr\/item\/early-bird\/","title":{"rendered":"R\u00e9servation anticip\u00e9e"},"content":{"rendered":"","protected":false},"excerpt":{"rendered":"<p>C\u00e9l\u00e9brez le lancement d'Intuition Africa ! Obtenez des billets \u00e0 prix r\u00e9duit en r\u00e9servant \u00e0 l'avance. Rejoignez-nous !<\/p>","protected":false},"featured_media":0,"template":"","meta":{"_acf_changed":false,"inline_featured_image":false},"product_brand":[],"product_cat":[15],"product_tag":[],"class_list":{"0":"post-159443","1":"product","2":"type-product","3":"status-publish","5":"product_cat-uncategorized","7":"first","8":"instock","9":"virtual","10":"purchasable","11":"product-type-simple"},"acf":[],"_links":{"self":[{"href":"https:\/\/intuitionafrica.com\/fr\/wp-json\/wp\/v2\/product\/159443","targetHints":{"allow":["GET"]}}],"collection":[{"href":"https:\/\/intuitionafrica.com\/fr\/wp-json\/wp\/v2\/product"}],"about":[{"href":"https:\/\/intuitionafrica.com\/fr\/wp-json\/wp\/v2\/types\/product"}],"wp:attachment":[{"href":"https:\/\/intuitionafrica.com\/fr\/wp-json\/wp\/v2\/media?parent=159443"}],"wp:term":[{"taxonomy":"product_brand","embeddable":true,"href":"https:\/\/intuitionafrica.com\/fr\/wp-json\/wp\/v2\/product_brand?post=159443"},{"taxonomy":"product_cat","embeddable":true,"href":"https:\/\/intuitionafrica.com\/fr\/wp-json\/wp\/v2\/product_cat?post=159443"},{"taxonomy":"product_tag","embeddable":true,"href":"https:\/\/intuitionafrica.com\/fr\/wp-json\/wp\/v2\/product_tag?post=159443"}],"curies":[{"name":"wp","href":"https:\/\/api.w.org\/{rel}","templated":true}]}}